{"id":91,"date":"2020-02-16T18:14:19","date_gmt":"2020-02-16T18:14:19","guid":{"rendered":"http:\/\/54.204.148.126\/?page_id=91"},"modified":"2025-07-09T22:47:00","modified_gmt":"2025-07-09T22:47:00","slug":"corporate-training","status":"publish","type":"page","link":"https:\/\/www.paulinaaguilar.com\/es\/corporate-training\/","title":{"rendered":"Entrenamiento transformacional"},"content":{"rendered":"<div class=\"wp-block-cover alignfull is-light has-parallax\"><div class=\"wp-block-cover__image-background wp-image-94 has-parallax\" style=\"background-position:50% 50%;background-image:url(http:\/\/54.204.148.126\/wp-content\/uploads\/2020\/02\/20170125_134636.jpg)\"><\/div><span aria-hidden=\"true\" class=\"wp-block-cover__background has-secondary-background-color has-background-dim\"><\/span><div class=\"wp-block-cover__inner-container is-layout-flow wp-block-cover-is-layout-flow\">\n<h2 class=\"wp-block-heading\">\u00a1Encontremos la libertad financiera que siempre has estado buscando mientras te conviertes en la persona que deseas ser!<\/h2>\n<\/div><\/div>\n\n\n\n<p class=\"has-drop-cap\"><strong>soy<\/strong>&nbsp;Una experta mentora de vida y negocios, conferencista internacional con una carrera extraordinaria como ejecutiva de cuentas y representante de ventas estrat\u00e9gicas. No solo he vendido productos, sino que tambi\u00e9n he entrenado a otros l\u00edderes de ventas a todo nivel.<\/p>\n\n\n\n<figure class=\"wp-block-image size-large\"><img loading=\"lazy\" decoding=\"async\" width=\"1008\" height=\"601\" src=\"http:\/\/54.204.148.126\/wp-content\/uploads\/2020\/02\/paulina-aguilar-event-yahya.jpg\" alt=\"\" class=\"wp-image-189\" srcset=\"https:\/\/www.paulinaaguilar.com\/wp-content\/uploads\/2020\/02\/paulina-aguilar-event-yahya.jpg 1008w, https:\/\/www.paulinaaguilar.com\/wp-content\/uploads\/2020\/02\/paulina-aguilar-event-yahya-300x179.jpg 300w, https:\/\/www.paulinaaguilar.com\/wp-content\/uploads\/2020\/02\/paulina-aguilar-event-yahya-768x458.jpg 768w\" sizes=\"auto, (max-width: 1008px) 100vw, 1008px\" \/><\/figure>\n\n\n\n<p>Soy reconocida en la industria y reconocida regularmente por ser la principal fuente de nuevos negocios para mi empresa. Soy especialista en construir relaciones laborales y hacerlas crecer con el tiempo, lo que me ha permitido crear oportunidades y asociaciones para empresas que nunca antes hubieran sido posibles. Tambi\u00e9n he entrenado tanto a individuos como a equipos completos en todos los niveles de ventas para mejorar su capacidad y cumplir los objetivos del equipo.&nbsp;<\/p>\n\n\n\n<p>La ense\u00f1anza es mi pasi\u00f3n. Mi entrenamiento puede ense\u00f1arle a usted y a su equipo de ventas c\u00f3mo vender desde su esencia. C\u00f3mo deshacerte de los obst\u00e1culos que te detienen. Entreno a individuos, equipos y empresas sobre c\u00f3mo dejar de permitir que su ego individual sabotee el arte de la venta. Si tu ego te est\u00e1 saboteando, el ego est\u00e1 saboteando tus ventas y te est\u00e1 impidiendo tener el mayor \u00e9xito posible. \u00a1Aprendamos las t\u00e9cnicas ahora!<\/p>\n\n\n\n<div class=\"wp-block-media-text alignwide\"><figure class=\"wp-block-media-text__media\"><img loading=\"lazy\" decoding=\"async\" width=\"432\" height=\"489\" src=\"http:\/\/54.204.148.126\/wp-content\/uploads\/2020\/02\/aguilar-paulina-profile-02-1.jpg\" alt=\"\" class=\"wp-image-136 size-full\" srcset=\"https:\/\/www.paulinaaguilar.com\/wp-content\/uploads\/2020\/02\/aguilar-paulina-profile-02-1.jpg 432w, https:\/\/www.paulinaaguilar.com\/wp-content\/uploads\/2020\/02\/aguilar-paulina-profile-02-1-265x300.jpg 265w\" sizes=\"auto, (max-width: 432px) 100vw, 432px\" \/><\/figure><div class=\"wp-block-media-text__content\">\n<p class=\"has-large-font-size\">Perm\u00edteme demostrarte c\u00f3mo una fuerza de ventas en sinton\u00eda altamente motivada puede aumentar tus ingresos. Puedes convertirte en un maestro influyente y aumentar tu poder al aprender las t\u00e9cnicas y estrategias que han hecho que las personas sean extremadamente pr\u00f3speras.<\/p>\n<\/div><\/div>","protected":false},"excerpt":{"rendered":"<p>I am&nbsp;an expert Transformational Business Coach with an extraordinary career as a Strategic Account Executive\/Strategic Sales Representative. I have not only sold products but have also trained other sales leaders at all levels. Well known in my industry and I am regularly recognized for being a top developer of new business.&nbsp;I thrive on building relationships [&hellip;]<\/p>\n","protected":false},"author":2,"featured_media":0,"parent":0,"menu_order":0,"comment_status":"closed","ping_status":"closed","template":"","meta":{"_coblocks_attr":"","_coblocks_dimensions":"","_coblocks_responsive_height":"","_coblocks_accordion_ie_support":"","hide_page_title":"","footnotes":""},"class_list":["post-91","page","type-page","status-publish","hentry"],"_links":{"self":[{"href":"https:\/\/www.paulinaaguilar.com\/es\/wp-json\/wp\/v2\/pages\/91","targetHints":{"allow":["GET"]}}],"collection":[{"href":"https:\/\/www.paulinaaguilar.com\/es\/wp-json\/wp\/v2\/pages"}],"about":[{"href":"https:\/\/www.paulinaaguilar.com\/es\/wp-json\/wp\/v2\/types\/page"}],"author":[{"embeddable":true,"href":"https:\/\/www.paulinaaguilar.com\/es\/wp-json\/wp\/v2\/users\/2"}],"replies":[{"embeddable":true,"href":"https:\/\/www.paulinaaguilar.com\/es\/wp-json\/wp\/v2\/comments?post=91"}],"version-history":[{"count":7,"href":"https:\/\/www.paulinaaguilar.com\/es\/wp-json\/wp\/v2\/pages\/91\/revisions"}],"predecessor-version":[{"id":575,"href":"https:\/\/www.paulinaaguilar.com\/es\/wp-json\/wp\/v2\/pages\/91\/revisions\/575"}],"wp:attachment":[{"href":"https:\/\/www.paulinaaguilar.com\/es\/wp-json\/wp\/v2\/media?parent=91"}],"curies":[{"name":"gracias","href":"https:\/\/api.w.org\/{rel}","templated":true}]}}