{"id":76,"date":"2020-02-16T02:55:01","date_gmt":"2020-02-16T02:55:01","guid":{"rendered":"http:\/\/54.204.148.126\/?page_id=76"},"modified":"2025-07-09T22:47:59","modified_gmt":"2025-07-09T22:47:59","slug":"training-systems","status":"publish","type":"page","link":"https:\/\/www.paulinaaguilar.com\/es\/training-systems\/","title":{"rendered":"Sistemas de entrenamiento personal"},"content":{"rendered":"<div class=\"wp-block-cover is-light alignfull has-background-dim-NaN\" style=\"min-height:750px;aspect-ratio:unset;\"><img loading=\"lazy\" decoding=\"async\" width=\"1600\" height=\"900\" class=\"wp-block-cover__image-background wp-image-73\" src=\"http:\/\/54.204.148.126\/wp-content\/uploads\/2020\/02\/55549567-91dd-4645-b99c-a2d53abdc4d0.jpg\" style=\"object-position:55% 14%\" data-object-fit=\"cover\" data-object-position=\"55% 14%\" srcset=\"https:\/\/www.paulinaaguilar.com\/wp-content\/uploads\/2020\/02\/55549567-91dd-4645-b99c-a2d53abdc4d0.jpg 1600w, https:\/\/www.paulinaaguilar.com\/wp-content\/uploads\/2020\/02\/55549567-91dd-4645-b99c-a2d53abdc4d0-300x169.jpg 300w, https:\/\/www.paulinaaguilar.com\/wp-content\/uploads\/2020\/02\/55549567-91dd-4645-b99c-a2d53abdc4d0-1024x576.jpg 1024w, https:\/\/www.paulinaaguilar.com\/wp-content\/uploads\/2020\/02\/55549567-91dd-4645-b99c-a2d53abdc4d0-768x432.jpg 768w, https:\/\/www.paulinaaguilar.com\/wp-content\/uploads\/2020\/02\/55549567-91dd-4645-b99c-a2d53abdc4d0-1536x864.jpg 1536w\" sizes=\"auto, (max-width: 1600px) 100vw, 1600px\" \/><span aria-hidden=\"true\" class=\"wp-block-cover__background has-tertiary-background-color has-background-dim\"><\/span><div class=\"wp-block-cover__inner-container is-layout-flow wp-block-cover-is-layout-flow\">\n<h2 class=\"wp-block-heading\">Mi Sistema de Entremamiento te guiar\u00e1 a trav\u00e9s de pasos espec\u00edficos hacia el empoderamiento y la felicidad.<\/h2>\n<\/div><\/div>\n\n\n\n<h2 class=\"wp-block-heading has-tertiary-color has-text-color\">Comenzar De Nuevo<\/h2>\n\n\n\n<p>Puede liberar y despejar las ra\u00edces que est\u00e1n afectando sus relaciones personales, finanzas, salud y espiritualidad. <\/p>\n\n\n\n<p>\u00a1Convi\u00e9rtete en el maestro de tu propia vida!<\/p>\n\n\n\n<p>Alcanzar su felicidad y manifestar su abundancia. Aprende a alejarte del ajetreo diario y encontrar tu paz interior. Alinearse con la felicidad y experimentar la riqueza infinita que est\u00e1 disponible para usted. Estoy a cargo de mi futuro. Aprenda a vivir el momento y alcanzar su m\u00e1ximo potencial. \u00a1Est\u00e1s a cargo! <\/p>\n\n\n\n<hr class=\"wp-block-separator has-text-color has-tertiary-color has-css-opacity has-tertiary-background-color has-background\"\/>\n\n\n\n<h2 class=\"wp-block-heading has-tertiary-color has-text-color\">Alcanzando tu Felicidad y Manifestando tu Abundancia<\/h2>\n\n\n\n<p>Puedes aprender a alejarte del ajetreo diario y encontrar tu paz interior. Te alinear\u00e1s con la felicidad y experimentar\u00e1s tu riqueza infinita. Puedes liberar las resistencias que impiden el cambio accionable. Convertirte en el motor que est\u00e1 manifestando resultados positivos, escapando de sus distracciones y enfoc\u00e1ndose en el aqu\u00ed y el ahora. Existe un equilibrio que te permitir\u00e1 disfrutar de estar despierto y activo en el presente. Vive en un estado de gratitud, con\u00e9ctate con tu ser interior y manifiesta tu abundancia. \u00a1Vamos a descubrir c\u00f3mo despertar tu vida extraordinaria!<\/p>\n\n\n\n<hr class=\"wp-block-separator has-text-color has-tertiary-color has-css-opacity has-tertiary-background-color has-background\"\/>\n\n\n\n<h2 class=\"wp-block-heading has-tertiary-color has-text-color\">Yo estoy a Cargo de mi Futuro<\/h2>\n\n\n\n<p>En este entrenamiento transformador, te demostrar\u00e9 c\u00f3mo despertar tu vida extraordinaria. Me enfocar\u00e9 en ense\u00f1arte c\u00f3mo vivir el momento y en enfocar con claridad tu poder personal. La claridad y el conocimiento son poder. Alcanzaremos la libertad emocional para poder elegir el camino correcto en nuestras vidas y carreras empresariales. Es importante deshacernos de las obstrucciones que limitan o intimidan tu progreso, para que podamos transformar las situaciones negativas en positivas. Juntos descartaremos las cosas que te impiden alcanzar tus objetivos. El \u00e9xito est\u00e1 a solo un paso y yo tengo las herramientas que lograr\u00e1n este objetivo.<\/p>\n\n\n\n<hr class=\"wp-block-separator has-text-color has-tertiary-color has-css-opacity has-tertiary-background-color has-background\"\/>\n\n\n\n<h2 class=\"wp-block-heading has-tertiary-color has-text-color\">Ventas desde la Esencia<\/h2>\n\n\n\n<p>Aumente sus ingresos y los de su empresa vendiendo desde su esencia. Deja de dejar que el ego te sabotee a ti y a tus ventas. <\/p>\n\n\n\n<p>Descubra las t\u00e9cnicas y estrategias que lo convierten en un l\u00edder y en el mejor vendedor. Despu\u00e9s de muchos a\u00f1os de ser una vendedora exitosa con un historial comprobado, me enfocar\u00e9 en capacitar a individuos y\/o empresas sobre c\u00f3mo vender desde su esencia y c\u00f3mo evitar que el ego lo sabotee a usted y a sus ventas. Perm\u00edtame mostrarle c\u00f3mo una fuerza de ventas motivada y afinada puede aumentar sus ingresos. Es hora de detener las dudas y las oportunidades perdidas y es hora de hacer posible cada situaci\u00f3n.<\/p>\n\n\n\n<hr class=\"wp-block-separator has-text-color has-tertiary-color has-css-opacity has-tertiary-background-color has-background\"\/>\n\n\n\n<h2 class=\"wp-block-heading has-tertiary-color has-text-color\">5 Pasos Para Alcanzar La Felicidad Y La Abundancia<\/h2>\n\n\n\n<p>Encuentra tu felicidad al vivir agradecido y al vivir en el presente a todo momento. Encuentra como aceptar, tomar responsabilidad de cada situaci\u00f3n y as\u00ed transformar lo negativo en positivo. Yo te ense\u00f1o como vivir en tu esencia y no en tu ego. Aprenderemos acerca de afirmaciones, ejercicios que nos ense\u00f1an a ser positivos, c\u00f3mo perdonar desde el coraz\u00f3n y de esta manera transformar tu historia. T\u00fa estas en control!<\/p>\n\n\n\n<p><\/p>\n\n\n\n<hr class=\"wp-block-separator has-text-color has-tertiary-color has-css-opacity has-tertiary-background-color has-background\"\/>","protected":false},"excerpt":{"rendered":"<p>Clean Slate You can release and clear the roots that are affecting your personal relationships, finances, health and spirituality. Become the master of your own life! Reaching your Happiness and Manifesting your Abundance. Learn how to step back from the everyday rush and find your inner peace. Align with happiness and experience the infinite richness [&hellip;]<\/p>\n","protected":false},"author":2,"featured_media":0,"parent":0,"menu_order":0,"comment_status":"closed","ping_status":"closed","template":"","meta":{"_coblocks_attr":"","_coblocks_dimensions":"","_coblocks_responsive_height":"","_coblocks_accordion_ie_support":"","hide_page_title":"","footnotes":""},"class_list":["post-76","page","type-page","status-publish","hentry"],"_links":{"self":[{"href":"https:\/\/www.paulinaaguilar.com\/es\/wp-json\/wp\/v2\/pages\/76","targetHints":{"allow":["GET"]}}],"collection":[{"href":"https:\/\/www.paulinaaguilar.com\/es\/wp-json\/wp\/v2\/pages"}],"about":[{"href":"https:\/\/www.paulinaaguilar.com\/es\/wp-json\/wp\/v2\/types\/page"}],"author":[{"embeddable":true,"href":"https:\/\/www.paulinaaguilar.com\/es\/wp-json\/wp\/v2\/users\/2"}],"replies":[{"embeddable":true,"href":"https:\/\/www.paulinaaguilar.com\/es\/wp-json\/wp\/v2\/comments?post=76"}],"version-history":[{"count":7,"href":"https:\/\/www.paulinaaguilar.com\/es\/wp-json\/wp\/v2\/pages\/76\/revisions"}],"predecessor-version":[{"id":576,"href":"https:\/\/www.paulinaaguilar.com\/es\/wp-json\/wp\/v2\/pages\/76\/revisions\/576"}],"wp:attachment":[{"href":"https:\/\/www.paulinaaguilar.com\/es\/wp-json\/wp\/v2\/media?parent=76"}],"curies":[{"name":"gracias","href":"https:\/\/api.w.org\/{rel}","templated":true}]}}