{"id":29,"date":"2020-02-15T20:56:49","date_gmt":"2020-02-15T20:56:49","guid":{"rendered":"http:\/\/54.204.148.126\/contact\/"},"modified":"2025-07-09T22:41:17","modified_gmt":"2025-07-09T22:41:17","slug":"contact","status":"publish","type":"page","link":"https:\/\/www.paulinaaguilar.com\/es\/contact\/","title":{"rendered":"Conectar"},"content":{"rendered":"<div class=\"wp-block-cover alignfull is-light\"><img loading=\"lazy\" decoding=\"async\" width=\"1471\" height=\"1103\" class=\"wp-block-cover__image-background wp-image-103\" src=\"http:\/\/54.204.148.126\/wp-content\/uploads\/2020\/02\/20190117_172424-EFFECTS.jpg\" data-object-fit=\"cover\" srcset=\"https:\/\/www.paulinaaguilar.com\/wp-content\/uploads\/2020\/02\/20190117_172424-EFFECTS.jpg 1471w, https:\/\/www.paulinaaguilar.com\/wp-content\/uploads\/2020\/02\/20190117_172424-EFFECTS-300x225.jpg 300w, https:\/\/www.paulinaaguilar.com\/wp-content\/uploads\/2020\/02\/20190117_172424-EFFECTS-1024x768.jpg 1024w, https:\/\/www.paulinaaguilar.com\/wp-content\/uploads\/2020\/02\/20190117_172424-EFFECTS-768x576.jpg 768w\" sizes=\"auto, (max-width: 1471px) 100vw, 1471px\" \/><span aria-hidden=\"true\" class=\"wp-block-cover__background has-background-dim\"><\/span><div class=\"wp-block-cover__inner-container is-layout-flow wp-block-cover-is-layout-flow\">\n<h2 class=\"wp-block-heading\">Transforma tu vida hoy<\/h2>\n\n\n\n<h4 class=\"wp-block-heading\">\u00a1Perm\u00edtete descubrir c\u00f3mo la vida puede ser maravillosa, llena de momentos emocionantes y felices, y que eres m\u00e1s fuerte de lo que piensas!<\/h4>\n<\/div><\/div>\n\n\n\n<div class=\"wp-block-columns alignwide is-medium-full is-layout-flex wp-container-core-columns-is-layout-9d6595d7 wp-block-columns-is-layout-flex\">\n<div class=\"wp-block-column is-layout-flow wp-block-column-is-layout-flow\">\n<h3 class=\"wp-block-heading has-text-align-center\">Transforma tu vida hoy!<\/h3>\n\n\n\n<p class=\"has-text-align-center\">\u00a1Perm\u00edtete descubrir c\u00f3mo la vida puede ser maravillosa, llena de momentos emocionantes y felices, y que eres m\u00e1s fuerte de lo que piensas!<\/p>\n\n\n\n<h4 class=\"wp-block-heading has-text-align-center\">\u00a1Ll\u00e1mame hoy y comencemos! <br>305-204-9837 <\/h4>\n<\/div>\n<\/div>\n\n\n\n<p><\/p>","protected":false},"excerpt":{"rendered":"<p>Transform Your Life Today! Allow yourself to discover how life can be wonderful, full of exciting and happy moments, and that you are stronger than you think! Call me today and let&#8217;s get started! 305-204-9837<\/p>","protected":false},"author":2,"featured_media":0,"parent":0,"menu_order":0,"comment_status":"closed","ping_status":"closed","template":"","meta":{"_coblocks_attr":"","_coblocks_dimensions":"","_coblocks_responsive_height":"","_coblocks_accordion_ie_support":"","hide_page_title":"","footnotes":""},"class_list":["post-29","page","type-page","status-publish","hentry"],"_links":{"self":[{"href":"https:\/\/www.paulinaaguilar.com\/es\/wp-json\/wp\/v2\/pages\/29","targetHints":{"allow":["GET"]}}],"collection":[{"href":"https:\/\/www.paulinaaguilar.com\/es\/wp-json\/wp\/v2\/pages"}],"about":[{"href":"https:\/\/www.paulinaaguilar.com\/es\/wp-json\/wp\/v2\/types\/page"}],"author":[{"embeddable":true,"href":"https:\/\/www.paulinaaguilar.com\/es\/wp-json\/wp\/v2\/users\/2"}],"replies":[{"embeddable":true,"href":"https:\/\/www.paulinaaguilar.com\/es\/wp-json\/wp\/v2\/comments?post=29"}],"version-history":[{"count":7,"href":"https:\/\/www.paulinaaguilar.com\/es\/wp-json\/wp\/v2\/pages\/29\/revisions"}],"predecessor-version":[{"id":573,"href":"https:\/\/www.paulinaaguilar.com\/es\/wp-json\/wp\/v2\/pages\/29\/revisions\/573"}],"wp:attachment":[{"href":"https:\/\/www.paulinaaguilar.com\/es\/wp-json\/wp\/v2\/media?parent=29"}],"curies":[{"name":"gracias","href":"https:\/\/api.w.org\/{rel}","templated":true}]}}