{"id":26,"date":"2020-02-15T20:56:49","date_gmt":"2020-02-15T20:56:49","guid":{"rendered":"http:\/\/54.204.148.126\/about\/"},"modified":"2025-07-10T00:01:51","modified_gmt":"2025-07-10T00:01:51","slug":"about","status":"publish","type":"page","link":"https:\/\/www.paulinaaguilar.com\/es\/about\/","title":{"rendered":"Mi Historia"},"content":{"rendered":"<h1 class=\"wp-block-heading has-text-align-center has-tertiary-color has-text-color\">Mi Historia<\/h1>\n\n\n\n<div class=\"wp-block-columns is-layout-flex wp-container-core-columns-is-layout-9d6595d7 wp-block-columns-is-layout-flex\">\n<div class=\"wp-block-column is-layout-flow wp-block-column-is-layout-flow\">\n<div class=\"wp-block-columns is-layout-flex wp-container-core-columns-is-layout-9d6595d7 wp-block-columns-is-layout-flex\">\n<div class=\"wp-block-column is-layout-flow wp-block-column-is-layout-flow\">\n<figure class=\"wp-block-image size-large\"><img loading=\"lazy\" decoding=\"async\" width=\"933\" height=\"1024\" src=\"https:\/\/paulinaaguilar.com\/wp-content\/uploads\/2025\/07\/20250320_182906_crop-933x1024.jpg\" alt=\"\" class=\"wp-image-587\" srcset=\"https:\/\/www.paulinaaguilar.com\/wp-content\/uploads\/2025\/07\/20250320_182906_crop-933x1024.jpg 933w, https:\/\/www.paulinaaguilar.com\/wp-content\/uploads\/2025\/07\/20250320_182906_crop-273x300.jpg 273w, https:\/\/www.paulinaaguilar.com\/wp-content\/uploads\/2025\/07\/20250320_182906_crop-768x843.jpg 768w, https:\/\/www.paulinaaguilar.com\/wp-content\/uploads\/2025\/07\/20250320_182906_crop-1399x1536.jpg 1399w, https:\/\/www.paulinaaguilar.com\/wp-content\/uploads\/2025\/07\/20250320_182906_crop-1866x2048.jpg 1866w, https:\/\/www.paulinaaguilar.com\/wp-content\/uploads\/2025\/07\/20250320_182906_crop-11x12.jpg 11w\" sizes=\"auto, (max-width: 933px) 100vw, 933px\" \/><\/figure>\n<\/div>\n<\/div>\n<\/div>\n<\/div>\n\n\n\n<div class=\"wp-block-media-text alignwide is-stacked-on-mobile\"><figure class=\"wp-block-media-text__media\"><img loading=\"lazy\" decoding=\"async\" width=\"1024\" height=\"683\" src=\"http:\/\/54.204.148.126\/wp-content\/uploads\/2020\/04\/ecuador-city-1024x683.jpg\" alt=\"\" class=\"wp-image-326 size-full\" srcset=\"https:\/\/www.paulinaaguilar.com\/wp-content\/uploads\/2020\/04\/ecuador-city-1024x683.jpg 1024w, https:\/\/www.paulinaaguilar.com\/wp-content\/uploads\/2020\/04\/ecuador-city-300x200.jpg 300w, https:\/\/www.paulinaaguilar.com\/wp-content\/uploads\/2020\/04\/ecuador-city-768x512.jpg 768w, https:\/\/www.paulinaaguilar.com\/wp-content\/uploads\/2020\/04\/ecuador-city-1536x1024.jpg 1536w, https:\/\/www.paulinaaguilar.com\/wp-content\/uploads\/2020\/04\/ecuador-city.jpg 1782w\" sizes=\"auto, (max-width: 1024px) 100vw, 1024px\" \/><\/figure><div class=\"wp-block-media-text__content\">\n<p class=\"has-large-font-size\">Me voy de Ecuador, mi pa\u00eds de origen. Estoy volando a los Estados Unidos y estoy emocionada, nerviosa, asustada. Tengo veinte a\u00f1os y voy sola, dejando atr\u00e1s mi pasado, mi familia, todo lo que s\u00e9, todo mi mundo. Pens\u00e9 que el comienzo de mi nueva vida estaba comenzando en ese momento; pens\u00e9 que estaba a cargo. \u00bfQui\u00e9n iba a saber que antes de que yo pudiera comenzar a vivir mi vida completa y aut\u00e9nticamente, tendr\u00eda tantas lecciones que aprender? (\u00bfQui\u00e9n iba a saber que Clorox y la ropa de color no son amigos?)<\/p>\n<\/div><\/div>\n\n\n\n<h2 class=\"wp-block-heading\">Transicionando a un Nuevo Mundo<\/h2>\n\n\n\n<p>Entonces, llegu\u00e9 a Washington DC y oh, oh ... no hablo el idioma. \u00bfPor qu\u00e9 todos hablan tan r\u00e1pido? \u00bfC\u00f3mo iba a encontrar un trabajo? \u00bfC\u00f3mo iba a sobrevivir? Necesitaba poner a todos mis &quot;patos en el camino&quot; \u00bfQu\u00e9? \u00bfNo es as\u00ed como dice el dicho? \u00a1Ayuda! <\/p>\n\n\n\n<p>Hab\u00eda dejado Ecuador para comenzar una nueva vida. Hab\u00eda visto enga\u00f1os, traiciones y mucho alcohol a mi alrededor. Me hab\u00edan abusado sexualmente y f\u00edsicamente y todo lo que quer\u00eda era olvidarlo y huir ... ir\u00f3nicamente, cuando me mud\u00e9 a los Estados Unidos, mis relaciones personales siguieron el mismo patr\u00f3n de abuso, alcohol y enga\u00f1o que hab\u00eda experimentado en el pasado. \u00a1Pens\u00e9 que hab\u00eda escapado de estos problemas! <\/p>\n\n\n\n<p>Econ\u00f3micamente, estaba sobreviviendo. Tuve que aprender a administrar mi dinero y encontrar mejores oportunidades. Cuando solicit\u00e9 trabajo, me dijeron que no estaba calificada o que mi fuerte acento latino har\u00eda que posible clientes me rechazen. Un d\u00eda, un buen amigo pens\u00f3 que yo tenia lo necesario para llegar a ser una buena representate de ventas. Alguien crey\u00f3 en m\u00ed y me ayud\u00f3 a creer en m\u00ed mismo. Aprend\u00ed a usar mi acento en espa\u00f1ol como una fortaleza y aprend\u00ed a escuchar, realmente a escuchar a la gente. <\/p>\n\n\n\n<p class=\"has-tertiary-color has-text-color has-small-font-size\">La motivaci\u00f3n te lleva al siguiente nivel ... <\/p>\n\n\n\n<p>Us\u00e9 todo el rechazo y la negativad como motivaci\u00f3n para nunca dejarme rendir. Me convert\u00ed en la representante de ventas n\u00famero uno en mi empresa. Mi autoestima estaba por las nubes; mi compromiso de tener \u00e9xito fue m\u00e1s fuerte que nunca; estaba segura en lo que estaba haciendo. Segu\u00ed a mi coraz\u00f3n y, aunque me llev\u00f3 a\u00f1os, estaba en la cima de mi profesi\u00f3n. <\/p>\n\n\n\n<p>Mientras mi carrera florec\u00eda, mi vida personal se desmoronaba. Estaba casada, pero el conflicto constante en el hogar estaba afectando cada parte de mi vida. Era madre de un ni\u00f1o maravilloso de un a\u00f1o y medio, pero los problemas matrimoniales empeoraron. \u00bfRecuerdas antes lo que dije sobre encontrar viejos patrones de abuso, alcohol y enga\u00f1o? <\/p>\n\n\n\n<p> Me encontr\u00e9 en un divorcio. Sent\u00ed que mi mundo se estaba acabando. \u00bfQu\u00e9 debo hacer? \u00bfA d\u00f3nde voy? \u00bfC\u00f3mo voy a sobrevivir? Mi ni\u00f1o peque\u00f1o depende de m\u00ed. \u00bfC\u00f3mo me perd\u00ed? Mi mundo se viene abajo y no puedo parar de llorar. En ese momento, busco profundamente en mi coraz\u00f3n y empiezo a hablar con Dios, pregunt\u00e1ndole, rog\u00e1ndole ayuda. Fui criada en la fe cat\u00f3lica y Dios siempre ha sido mi roca, pero sab\u00eda que ten\u00eda que tomar el control de mi vida. <\/p>\n\n\n\n<p class=\"has-tertiary-color has-text-color has-small-font-size\">Sanando a m\u00ed mismo, encontrando mi fuerza interior ... <\/p>\n\n\n\n<p>Enfoqu\u00e9 mi energ\u00eda en curarme a m\u00ed misma. Particip\u00e9 en el aprendizaje, el estudio, la terapia y todo lo que ten\u00eda que hacer para ser una mejor persona para mi hijo, para mi familia y para m\u00ed. Mi hijo y yo lo pasamos muy bien juntos y tenemos un tipo de v\u00ednculo muy especial hasta el d\u00eda de hoy, pero sab\u00eda que cuando fuera el momento adecuado, mi pareja perfecta se revelar\u00eda. (sorpresa: lo hizo!)<\/p>\n\n\n\n<p> El c\u00edrculo de las perpetuas relaciones destructivas se hab\u00eda roto y yo fui libre de seguir mis sue\u00f1os ... \u00a1y yo les deseo esto a cada uno de ustedes! <\/p>\n\n\n\n<div class=\"wp-block-media-text alignwide is-stacked-on-mobile\"><figure class=\"wp-block-media-text__media\"><img decoding=\"async\" src=\"http:\/\/54.204.148.126\/wp-content\/uploads\/2020\/04\/equador-family-tram-690x1024.jpg\" alt=\"\" class=\"wp-image-328 size-full\"\/><\/figure><div class=\"wp-block-media-text__content\">\n<h2 class=\"wp-block-heading\">Encontrar la felicidad<\/h2>\n\n\n\n<p>Entonces, ahora que mi vida est\u00e1 en un lugar donde soy apoyada, amada incondicionalmente, exitosa y feliz conmigo mismo, estoy lista para compartir con ustedes y con el mundo los pasos que tom\u00e9 para llegar a este momento. C\u00f3mo evolucion\u00e9 de la nada al \u00e9xito: desde dejar mi pa\u00eds, asustada e insegura, hasta encontrar el sue\u00f1o americano. Al crear mi propio sue\u00f1o y hacerlo realidad, tuve \u00e9xito y fui la representante n\u00famero uno en mi empresa. Estoy orgullosa de cada parte de mi vida, no tengo resentimientos, no me arrepiento y solo estoy agradecida por cada lecci\u00f3n aprendida. \u00a1Sin cada recuerdo, bueno o malo, no tendr\u00eda la maravillosa oportunidad de compartir mi vida con ustedes! <\/p>\n<\/div><\/div>","protected":false},"excerpt":{"rendered":"<p>My Story I am leaving Ecuador, my home country. I am flying to the USA and I am excited, nervous, scared. I am twenty years old and I am going by myself, leaving my past, my family, everything I know, my whole world behind. I thought that the beginning of my new life was starting [&hellip;]<\/p>\n","protected":false},"author":2,"featured_media":0,"parent":0,"menu_order":0,"comment_status":"closed","ping_status":"closed","template":"","meta":{"_coblocks_attr":"","_coblocks_dimensions":"","_coblocks_responsive_height":"","_coblocks_accordion_ie_support":"","hide_page_title":"","footnotes":""},"class_list":["post-26","page","type-page","status-publish","hentry"],"_links":{"self":[{"href":"https:\/\/www.paulinaaguilar.com\/es\/wp-json\/wp\/v2\/pages\/26","targetHints":{"allow":["GET"]}}],"collection":[{"href":"https:\/\/www.paulinaaguilar.com\/es\/wp-json\/wp\/v2\/pages"}],"about":[{"href":"https:\/\/www.paulinaaguilar.com\/es\/wp-json\/wp\/v2\/types\/page"}],"author":[{"embeddable":true,"href":"https:\/\/www.paulinaaguilar.com\/es\/wp-json\/wp\/v2\/users\/2"}],"replies":[{"embeddable":true,"href":"https:\/\/www.paulinaaguilar.com\/es\/wp-json\/wp\/v2\/comments?post=26"}],"version-history":[{"count":7,"href":"https:\/\/www.paulinaaguilar.com\/es\/wp-json\/wp\/v2\/pages\/26\/revisions"}],"predecessor-version":[{"id":589,"href":"https:\/\/www.paulinaaguilar.com\/es\/wp-json\/wp\/v2\/pages\/26\/revisions\/589"}],"wp:attachment":[{"href":"https:\/\/www.paulinaaguilar.com\/es\/wp-json\/wp\/v2\/media?parent=26"}],"curies":[{"name":"gracias","href":"https:\/\/api.w.org\/{rel}","templated":true}]}}