{"id":23,"date":"2020-02-15T20:56:49","date_gmt":"2020-02-15T20:56:49","guid":{"rendered":"http:\/\/54.204.148.126\/home\/"},"modified":"2025-07-09T23:47:56","modified_gmt":"2025-07-09T23:47:56","slug":"home","status":"publish","type":"page","link":"https:\/\/www.paulinaaguilar.com\/es\/","title":{"rendered":"Hogar"},"content":{"rendered":"<div class=\"wp-block-cover alignfull is-light\"><img loading=\"lazy\" decoding=\"async\" width=\"1000\" height=\"800\" class=\"wp-block-cover__image-background wp-image-47\" alt=\"\" src=\"http:\/\/54.204.148.126\/wp-content\/uploads\/2020\/02\/mountains-stream-1000.jpg\" data-object-fit=\"cover\" srcset=\"https:\/\/www.paulinaaguilar.com\/wp-content\/uploads\/2020\/02\/mountains-stream-1000.jpg 1000w, https:\/\/www.paulinaaguilar.com\/wp-content\/uploads\/2020\/02\/mountains-stream-1000-300x240.jpg 300w, https:\/\/www.paulinaaguilar.com\/wp-content\/uploads\/2020\/02\/mountains-stream-1000-768x614.jpg 768w\" sizes=\"auto, (max-width: 1000px) 100vw, 1000px\" \/><span aria-hidden=\"true\" class=\"wp-block-cover__background has-background-dim\"><\/span><div class=\"wp-block-cover__inner-container is-layout-flow wp-block-cover-is-layout-flow\">\n<h2 class=\"wp-block-heading has-quaternary-color has-text-color has-link-color wp-elements-34c058f8d3b1be27a54b26610080f3ba\">\u00a1Perm\u00edtete descubrir c\u00f3mo la vida puede ser maravillosa, llena de momentos emocionantes y felices, y que eres m\u00e1s fuerte de lo que piensas! &quot;<\/h2>\n<\/div><\/div>\n\n\n\n<hr class=\"wp-block-separator has-text-color has-tertiary-color has-css-opacity has-tertiary-background-color has-background\"\/>\n\n\n\n<div class=\"wp-block-columns is-layout-flex wp-container-core-columns-is-layout-9d6595d7 wp-block-columns-is-layout-flex\">\n<div class=\"wp-block-column is-layout-flow wp-block-column-is-layout-flow\">\n<figure class=\"wp-block-image size-large has-lightbox\"><a href=\"https:\/\/www.amazon.com\/Steps-Forward-Never-Going-Back\/dp\/B0FF8HH2KM\"><img loading=\"lazy\" decoding=\"async\" width=\"683\" height=\"1024\" src=\"https:\/\/paulinaaguilar.com\/wp-content\/uploads\/2025\/07\/Two_Steps_Cover_front_cover-683x1024.jpg\" alt=\"\" class=\"wp-image-580\" srcset=\"https:\/\/www.paulinaaguilar.com\/wp-content\/uploads\/2025\/07\/Two_Steps_Cover_front_cover-683x1024.jpg 683w, https:\/\/www.paulinaaguilar.com\/wp-content\/uploads\/2025\/07\/Two_Steps_Cover_front_cover-200x300.jpg 200w, https:\/\/www.paulinaaguilar.com\/wp-content\/uploads\/2025\/07\/Two_Steps_Cover_front_cover-768x1152.jpg 768w, https:\/\/www.paulinaaguilar.com\/wp-content\/uploads\/2025\/07\/Two_Steps_Cover_front_cover-1024x1536.jpg 1024w, https:\/\/www.paulinaaguilar.com\/wp-content\/uploads\/2025\/07\/Two_Steps_Cover_front_cover-1365x2048.jpg 1365w, https:\/\/www.paulinaaguilar.com\/wp-content\/uploads\/2025\/07\/Two_Steps_Cover_front_cover-8x12.jpg 8w, https:\/\/www.paulinaaguilar.com\/wp-content\/uploads\/2025\/07\/Two_Steps_Cover_front_cover-scaled.jpg 1707w\" sizes=\"auto, (max-width: 683px) 100vw, 683px\" \/><\/a><\/figure>\n<\/div>\n\n\n\n<div class=\"wp-block-column is-layout-flow wp-block-column-is-layout-flow\">\n<h2 class=\"wp-block-heading has-text-align-left\">\u00a1Me complace anunciar mi nuevo libro!<\/h2>\n\n\n\n<div class=\"wp-block-buttons is-layout-flex wp-block-buttons-is-layout-flex\">\n<div class=\"wp-block-button\"><a class=\"wp-block-button__link wp-element-button\" href=\"https:\/\/www.amazon.com\/Steps-Forward-Never-Going-Back\/dp\/B0FF8HH2KM\">Comprar ahora en Amazon<\/a><\/div>\n<\/div>\n<\/div>\n<\/div>\n\n\n\n<hr class=\"wp-block-separator has-text-color has-tertiary-color has-css-opacity has-tertiary-background-color has-background\"\/>\n\n\n\n<h4 class=\"wp-block-heading has-secondary-color has-text-color\">Es hora de estar abierto a todas las grandes posibilidades que este maravilloso mundo tiene para ofrecer. Deja que aparezcan en tu vida. Abramos nuestros corazones y nuestros bolsillos a la abundancia que existe para todos nosotros.<\/h4>\n\n\n\n<div class=\"wp-block-media-text alignwide is-vertically-aligned-top\"><figure class=\"wp-block-media-text__media\"><img loading=\"lazy\" decoding=\"async\" width=\"648\" height=\"980\" src=\"http:\/\/54.204.148.126\/wp-content\/uploads\/2020\/02\/Chair_Pose_Tran_Web-JT2.png\" alt=\"\" class=\"wp-image-148 size-full\" srcset=\"https:\/\/www.paulinaaguilar.com\/wp-content\/uploads\/2020\/02\/Chair_Pose_Tran_Web-JT2.png 648w, https:\/\/www.paulinaaguilar.com\/wp-content\/uploads\/2020\/02\/Chair_Pose_Tran_Web-JT2-198x300.png 198w\" sizes=\"auto, (max-width: 648px) 100vw, 648px\" \/><\/figure><div class=\"wp-block-media-text__content\">\n<h2 class=\"wp-block-heading has-text-color\" style=\"color:#799ae5\">Te empoderar\u00e9 con la confianza necesaria para vivir desde tu esencia, viviendo una vida decidida y llena de felicidad.<\/h2>\n\n\n\n<div class=\"wp-block-button\"><a class=\"wp-block-button__link has-quaternary-color has-tertiary-background-color has-text-color has-background wp-element-button\" href=\"https:\/\/www.paulinaaguilar.com\/es\/contact\/\">comienza hoy!<\/a><\/div>\n<\/div><\/div>\n\n\n\n<p class=\"has-drop-cap has-background has-medium-font-size\" style=\"background-color:#ffe4e2\">Yo he estado donde tu est\u00e1s ahora ... \u00a1no est\u00e1s solo! \u00a1He experimentado dificultades, angustias, preocupaciones financieras, desilusi\u00f3n, confusi\u00f3n y ansiedad, y he aprendido c\u00f3mo transformar esa energ\u00eda negativa en poder interno para ser exitosa, fuerte, decidida y feliz de nuevo! Mi objetivo es compartir estas herramientas contigo para que t\u00fa tambi\u00e9n puedas experimentar la vida desde este incre\u00edble lugar llamado conciencia.<\/p>\n\n\n\n<h3 class=\"wp-block-heading has-text-align-center has-tertiary-color has-text-color has-roboto-font-family has-custom-font\" style=\"font-family:Roboto\"><strong>Ll\u00e1mame al 305-204-9837<\/strong> <\/h3>\n\n\n\n<p class=\"has-medium-font-size\">Compromet\u00e1monos a vivir en el momento, aprendamos a escuchar a nuestro ser - nuestra voz interior, a encontrar nuestra paz interior, a estar libres de juicios, a dejar ir todo; todo el dolor que nos mantiene como rehenes en nuestros propios corazones y DECIDIR a hacernos cargo de nuestras propias vidas.<\/p>\n\n\n\n<p>Si est\u00e1s leyendo esto en este momento ... \u00a1est\u00e1s listo para comenzar! Ahora, demos los primeros pasos juntos para hacer realidad esta transformaci\u00f3n.<\/p>\n\n\n\n<div class=\"wp-block-media-text alignwide\"><figure class=\"wp-block-media-text__media\"><img loading=\"lazy\" decoding=\"async\" width=\"602\" height=\"489\" src=\"http:\/\/54.204.148.126\/wp-content\/uploads\/2020\/02\/Rita-testimonial-e1582896751526.jpg\" alt=\"\" class=\"wp-image-244 size-full\" srcset=\"https:\/\/www.paulinaaguilar.com\/wp-content\/uploads\/2020\/02\/Rita-testimonial-e1582896751526.jpg 602w, https:\/\/www.paulinaaguilar.com\/wp-content\/uploads\/2020\/02\/Rita-testimonial-e1582896751526-300x244.jpg 300w\" sizes=\"auto, (max-width: 602px) 100vw, 602px\" \/><\/figure><div class=\"wp-block-media-text__content\">\n<p class=\"has-medium-font-size\"> \u201cPaulina Aguilar es una mujer que nos ha demostrado a trav\u00e9s de sus propias experiencias de vida c\u00f3mo no minimizar nuestros mundos. Ella nos ha dado la posibilidad de reconocer que cada situaci\u00f3n con grandes desaf\u00edos que enfrentamos a trav\u00e9s de nuestra propia vida, es con el \u00fanico prop\u00f3sito de reconocer qui\u00e9nes somos realmente. Paulina ha utilizado este proceso para transformar su vida, sin temor a cometer un error, siguiendo su coraz\u00f3n y sabiendo que ahora est\u00e1 lista para compartirlo con personas que, como ella o muchos de nosotros, en un momento u otro, necesitamos de esa gu\u00eda, amor y luz, y Paulina es esa persona para ti! <\/p>\n\n\n\n<p class=\"has-medium-font-size\"><em>- Rita Barba C<\/em><br><em>Psic\u00f3loga Cl\u00ednica Transpersonal <\/em><\/p>\n<\/div><\/div>\n\n\n\n<div aria-label=\"Lista de logotipos\" class=\"wp-block-coblocks-logos\"><div class=\"wp-block-coblocks-logos__row\"><div style=\"width:50%\"><img decoding=\"async\" alt=\"\" data-id=\"379\" data-width=\"50%\" src=\"http:\/\/54.204.148.126\/wp-content\/uploads\/2020\/06\/posh-seven.jpg\"\/><\/div><div style=\"width:50%\"><img decoding=\"async\" alt=\"\" data-id=\"381\" data-width=\"50%\" src=\"http:\/\/54.204.148.126\/wp-content\/uploads\/2020\/06\/en-directo-washington.jpg\"\/><\/div><\/div><\/div>\n\n\n\n<div aria-label=\"Lista de logotipos\" class=\"wp-block-coblocks-logos is-style-default\"><div class=\"wp-block-coblocks-logos__row\"><div style=\"width:47.2934%\"><img decoding=\"async\" alt=\"\" data-id=\"357\" data-width=\"47.2934%\" src=\"http:\/\/54.204.148.126\/wp-content\/uploads\/2020\/05\/chamber-logo1.png\"\/><\/div><\/div><\/div>\n\n\n\n<hr class=\"wp-block-separator has-text-color has-tertiary-color has-css-opacity has-tertiary-background-color has-background\"\/>\n\n\n\n<div class=\"wp-block-columns is-layout-flex wp-container-core-columns-is-layout-9d6595d7 wp-block-columns-is-layout-flex\">\n<div class=\"wp-block-column is-layout-flow wp-block-column-is-layout-flow\" style=\"flex-basis:66.66%\"><\/div>\n\n\n\n<div class=\"wp-block-column is-layout-flow wp-block-column-is-layout-flow\" style=\"flex-basis:33.33%\"><\/div>\n<\/div>\n\n\n\n<p><\/p>","protected":false},"excerpt":{"rendered":"<p>I am pleased to announce my new book! It is time to be open to all the great things that this wonderful world has to offer. Let them show up in your life. Let\u2019s open our hearts and our pockets to the abundance that is here for you. I have been where you are right [&hellip;]<\/p>\n","protected":false},"author":0,"featured_media":0,"parent":0,"menu_order":0,"comment_status":"closed","ping_status":"closed","template":"","meta":{"_coblocks_attr":"Fira Sans,Playfair Display,Roboto","_coblocks_dimensions":"{\"coblocks-hero-511174027987\":{\"padding\":{}},\"coblocks-hero-526161250280\":{\"padding\":{}}}","_coblocks_responsive_height":"{\"coblocks-shape-divider-115163611610\":{\"shapeHeight\":{\"height\":20},\"backgroundHeight\":{\"height\":20}}}","_coblocks_accordion_ie_support":"","hide_page_title":"","footnotes":""},"class_list":["post-23","page","type-page","status-publish","hentry"],"_links":{"self":[{"href":"https:\/\/www.paulinaaguilar.com\/es\/wp-json\/wp\/v2\/pages\/23","targetHints":{"allow":["GET"]}}],"collection":[{"href":"https:\/\/www.paulinaaguilar.com\/es\/wp-json\/wp\/v2\/pages"}],"about":[{"href":"https:\/\/www.paulinaaguilar.com\/es\/wp-json\/wp\/v2\/types\/page"}],"replies":[{"embeddable":true,"href":"https:\/\/www.paulinaaguilar.com\/es\/wp-json\/wp\/v2\/comments?post=23"}],"version-history":[{"count":16,"href":"https:\/\/www.paulinaaguilar.com\/es\/wp-json\/wp\/v2\/pages\/23\/revisions"}],"predecessor-version":[{"id":586,"href":"https:\/\/www.paulinaaguilar.com\/es\/wp-json\/wp\/v2\/pages\/23\/revisions\/586"}],"wp:attachment":[{"href":"https:\/\/www.paulinaaguilar.com\/es\/wp-json\/wp\/v2\/media?parent=23"}],"curies":[{"name":"gracias","href":"https:\/\/api.w.org\/{rel}","templated":true}]}}