{"id":158,"date":"2020-02-19T01:23:22","date_gmt":"2020-02-19T01:23:22","guid":{"rendered":"http:\/\/54.204.148.126\/?page_id=158"},"modified":"2020-04-03T21:25:03","modified_gmt":"2020-04-03T21:25:03","slug":"paulinas-bio","status":"publish","type":"page","link":"https:\/\/www.paulinaaguilar.com\/es\/paulinas-bio\/","title":{"rendered":"Biograf\u00eda de Paulina"},"content":{"rendered":"<div class=\"wp-block-cover alignfull has-background-dim is-style-default\" style=\"background-image:url(http:\/\/54.204.148.126\/wp-content\/uploads\/2020\/02\/55549567-91dd-4645-b99c-a2d53abdc4d0.jpg)\"><div class=\"wp-block-cover__inner-container is-layout-flow wp-block-cover-is-layout-flow\">\n<p class=\"has-text-align-center has-huge-font-size\">Paulina Aguilar es una oradora motivacional con experiencia, asesora de vida y negocios, que est\u00e1 en el proceso de escribir su primer libro. Como propietaria y directora ejecutiva de Paulina Aguilar International, Paulina brinda asesoramiento de vida y negocios a clientes de todo el mundo.<\/p>\n<\/div><\/div>\n\n\n\n<div class=\"wp-block-media-text alignwide is-stacked-on-mobile\"><figure class=\"wp-block-media-text__media\"><img loading=\"lazy\" decoding=\"async\" width=\"1024\" height=\"768\" src=\"http:\/\/54.204.148.126\/wp-content\/uploads\/2020\/02\/IMG_0473-1024x768.jpg\" alt=\"\" class=\"wp-image-110\" srcset=\"https:\/\/www.paulinaaguilar.com\/wp-content\/uploads\/2020\/02\/IMG_0473-1024x768.jpg 1024w, https:\/\/www.paulinaaguilar.com\/wp-content\/uploads\/2020\/02\/IMG_0473-300x225.jpg 300w, https:\/\/www.paulinaaguilar.com\/wp-content\/uploads\/2020\/02\/IMG_0473-768x576.jpg 768w, https:\/\/www.paulinaaguilar.com\/wp-content\/uploads\/2020\/02\/IMG_0473-1536x1152.jpg 1536w, https:\/\/www.paulinaaguilar.com\/wp-content\/uploads\/2020\/02\/IMG_0473-2048x1536.jpg 2048w\" sizes=\"auto, (max-width: 1024px) 100vw, 1024px\" \/><\/figure><div class=\"wp-block-media-text__content\">\n<p class=\"has-large-font-size\">Paulina tiene m\u00e1s de catorce a\u00f1os de experiencia en ventas que la llevaron a lograr el representante n\u00famero uno en todas sus empresas. Sus registros de ventas han resaltado una carrera reconocida por muchos en su industria. Paulina es experta en la creaci\u00f3n de estrategias de ventas que han aumentado los ingresos de la compa\u00f1\u00eda y le permiten desarrollar relaciones exitosas con sus clientes, socios comerciales y empleados.<\/p>\n<\/div><\/div>\n\n\n\n<div class=\"wp-block-media-text alignwide is-stacked-on-mobile\"><figure class=\"wp-block-media-text__media\"><img loading=\"lazy\" decoding=\"async\" width=\"1024\" height=\"683\" src=\"http:\/\/54.204.148.126\/wp-content\/uploads\/2020\/04\/qtq80-GgRKh9-1024x683.jpeg\" alt=\"\" class=\"wp-image-319\" srcset=\"https:\/\/www.paulinaaguilar.com\/wp-content\/uploads\/2020\/04\/qtq80-GgRKh9-1024x683.jpeg 1024w, https:\/\/www.paulinaaguilar.com\/wp-content\/uploads\/2020\/04\/qtq80-GgRKh9-300x200.jpeg 300w, https:\/\/www.paulinaaguilar.com\/wp-content\/uploads\/2020\/04\/qtq80-GgRKh9-768x512.jpeg 768w, https:\/\/www.paulinaaguilar.com\/wp-content\/uploads\/2020\/04\/qtq80-GgRKh9-1536x1024.jpeg 1536w, https:\/\/www.paulinaaguilar.com\/wp-content\/uploads\/2020\/04\/qtq80-GgRKh9-2048x1365.jpeg 2048w\" sizes=\"auto, (max-width: 1024px) 100vw, 1024px\" \/><\/figure><div class=\"wp-block-media-text__content\">\n<p class=\"has-large-font-size\">Paulina se ha capacitado con entrenadores espirituales, empresariales y de vida de renombre mundial y posee una variedad de certificaciones en todas estas modalidades. Ella misma ha vivido la transformaci\u00f3n de la vida, por lo que ense\u00f1a desde la experiencia de la vida, el conocimiento y el seguimiento de la gu\u00eda espiritual.<\/p>\n<\/div><\/div>\n\n\n\n<div class=\"wp-block-media-text alignwide is-stacked-on-mobile\"><figure class=\"wp-block-media-text__media\"><img loading=\"lazy\" decoding=\"async\" width=\"1024\" height=\"683\" src=\"http:\/\/54.204.148.126\/wp-content\/uploads\/2020\/04\/qtq80-zvwaka-1024x683.jpeg\" alt=\"\" class=\"wp-image-318\" srcset=\"https:\/\/www.paulinaaguilar.com\/wp-content\/uploads\/2020\/04\/qtq80-zvwaka-1024x683.jpeg 1024w, https:\/\/www.paulinaaguilar.com\/wp-content\/uploads\/2020\/04\/qtq80-zvwaka-300x200.jpeg 300w, https:\/\/www.paulinaaguilar.com\/wp-content\/uploads\/2020\/04\/qtq80-zvwaka-768x512.jpeg 768w, https:\/\/www.paulinaaguilar.com\/wp-content\/uploads\/2020\/04\/qtq80-zvwaka-1536x1024.jpeg 1536w, https:\/\/www.paulinaaguilar.com\/wp-content\/uploads\/2020\/04\/qtq80-zvwaka-2048x1365.jpeg 2048w\" sizes=\"auto, (max-width: 1024px) 100vw, 1024px\" \/><\/figure><div class=\"wp-block-media-text__content\">\n<p class=\"has-large-font-size\">Paulina- ense\u00f1a el conocimiento del empoderamiento, permiti\u00e9ndole defender sus creencias, alcanzar el \u00e9xito y alcanzar su verdadero potencial. Ella cree en la fuerza propia, el amor propio, la compasi\u00f3n y el perd\u00f3n. Su formaci\u00f3n utiliza conceptos simples con los que muchas personas de diferentes \u00e1mbitos pueden relacionarse y seguir para convertirse en las mejores versiones de s\u00ed mismas.<\/p>\n<\/div><\/div>","protected":false},"excerpt":{"rendered":"<p>Paulina has over fourteen years of sales experience that resulted in her achieving the number one rep at all her companies. Her sales records have highlighted a career acknowledged by many in her industry. Paulina is an expert at building sales strategies that have increased company revenues while also allowing her to develop successful relationships [&hellip;]<\/p>\n","protected":false},"author":2,"featured_media":0,"parent":0,"menu_order":0,"comment_status":"closed","ping_status":"closed","template":"","meta":{"_coblocks_attr":"","_coblocks_dimensions":"","_coblocks_responsive_height":"","_coblocks_accordion_ie_support":"","hide_page_title":"","footnotes":""},"class_list":["post-158","page","type-page","status-publish","hentry"],"_links":{"self":[{"href":"https:\/\/www.paulinaaguilar.com\/es\/wp-json\/wp\/v2\/pages\/158","targetHints":{"allow":["GET"]}}],"collection":[{"href":"https:\/\/www.paulinaaguilar.com\/es\/wp-json\/wp\/v2\/pages"}],"about":[{"href":"https:\/\/www.paulinaaguilar.com\/es\/wp-json\/wp\/v2\/types\/page"}],"author":[{"embeddable":true,"href":"https:\/\/www.paulinaaguilar.com\/es\/wp-json\/wp\/v2\/users\/2"}],"replies":[{"embeddable":true,"href":"https:\/\/www.paulinaaguilar.com\/es\/wp-json\/wp\/v2\/comments?post=158"}],"version-history":[{"count":4,"href":"https:\/\/www.paulinaaguilar.com\/es\/wp-json\/wp\/v2\/pages\/158\/revisions"}],"predecessor-version":[{"id":320,"href":"https:\/\/www.paulinaaguilar.com\/es\/wp-json\/wp\/v2\/pages\/158\/revisions\/320"}],"wp:attachment":[{"href":"https:\/\/www.paulinaaguilar.com\/es\/wp-json\/wp\/v2\/media?parent=158"}],"curies":[{"name":"gracias","href":"https:\/\/api.w.org\/{rel}","templated":true}]}}