{"id":100,"date":"2020-02-16T19:12:30","date_gmt":"2020-02-16T19:12:30","guid":{"rendered":"http:\/\/54.204.148.126\/?page_id=100"},"modified":"2020-08-05T21:00:19","modified_gmt":"2020-08-05T21:00:19","slug":"your-coach","status":"publish","type":"page","link":"https:\/\/www.paulinaaguilar.com\/es\/your-coach\/","title":{"rendered":"tu entrenador"},"content":{"rendered":"<div class=\"wp-block-cover alignfull has-background-dim-60 has-primary-background-color has-background-dim\" style=\"background-image:url(http:\/\/54.204.148.126\/wp-content\/uploads\/2020\/02\/qtq80-M5iVbI.jpeg);min-height:750px;aspect-ratio:unset;\"><div class=\"wp-block-cover__inner-container is-layout-flow wp-block-cover-is-layout-flow\">\n<h2 class=\"has-text-align-center wp-block-heading\">\u00a1Perm\u00edteme potenciarte para descubrir de lo que eres capaz y juntos podemos encontrar las fortalezas, la verdad de tu esencia y el potencial que t\u00fa tienes!<\/h2>\n<\/div><\/div>\n\n\n\n<p class=\"has-large-font-size\">\u201cYo he estado sola, deprimida, vulnerable y confundida. He podido aprender de mis experiencias, aceptar la responsabilidad de cada situaci\u00f3n, hacer de cada experiencia una lecci\u00f3n y permitir que mis ense\u00f1anzas tengan un impacto positivo en m\u00ed mismo para que pueda crecer y prosperar en la vida. \"<\/p>\n\n\n\n<p class=\"has-text-align-right has-large-font-size\">Paulina Aguilar, Coach Transformacional<\/p>\n\n\n\n<hr class=\"wp-block-separator has-text-color has-background has-tertiary-background-color has-tertiary-color\"\/>\n\n\n\n<div class=\"wp-block-media-text alignwide has-media-on-the-right\"><figure class=\"wp-block-media-text__media\"><img loading=\"lazy\" decoding=\"async\" width=\"432\" height=\"489\" src=\"http:\/\/54.204.148.126\/wp-content\/uploads\/2020\/02\/aguilar-paulina-profile-02-1.jpg\" alt=\"\" class=\"wp-image-136\" srcset=\"https:\/\/www.paulinaaguilar.com\/wp-content\/uploads\/2020\/02\/aguilar-paulina-profile-02-1.jpg 432w, https:\/\/www.paulinaaguilar.com\/wp-content\/uploads\/2020\/02\/aguilar-paulina-profile-02-1-265x300.jpg 265w\" sizes=\"auto, (max-width: 432px) 100vw, 432px\" \/><\/figure><div class=\"wp-block-media-text__content\">\n<h2 class=\"has-secondary-color has-text-color wp-block-heading\">Tu transformaci\u00f3n traer\u00e1 energ\u00eda y alegr\u00eda a tu vida<\/h2>\n\n\n\n<p class=\"has-small-font-size\">Durante los \u00faltimos 15 a\u00f1os, he trabajado como Ejecutivo de Cuentas Estrat\u00e9gicas para un gran servicio de laboratorio m\u00e9dico. Soy bien conocido en la industria y soy reconocido regularmente por ser el principal desarrollador de nuevos negocios. Entonces, \u00bfqu\u00e9 hice cuando llegu\u00e9 a la cima en mi campo? \u00a1Decid\u00ed cambiar la direcci\u00f3n de mi vida! Decid\u00ed convertirme en un entrenador transformador de vida y negocios. Me encanta la energ\u00eda que esto trae a mi vida y realmente disfruto ayudando a otros a encontrar las respuestas que me llev\u00f3 muchos a\u00f1os encontrar.<\/p>\n<\/div><\/div>\n\n\n\n<hr class=\"wp-block-separator has-text-color has-background has-tertiary-background-color has-tertiary-color\"\/>\n\n\n\n<div class=\"wp-block-media-text alignwide\"><figure class=\"wp-block-media-text__media\"><img loading=\"lazy\" decoding=\"async\" width=\"1024\" height=\"768\" src=\"http:\/\/54.204.148.126\/wp-content\/uploads\/2020\/04\/paulina-aguilar-international-beach-yellow-1024x768.jpg\" alt=\"paulina beach\" class=\"wp-image-265\" srcset=\"https:\/\/www.paulinaaguilar.com\/wp-content\/uploads\/2020\/04\/paulina-aguilar-international-beach-yellow-1024x768.jpg 1024w, https:\/\/www.paulinaaguilar.com\/wp-content\/uploads\/2020\/04\/paulina-aguilar-international-beach-yellow-300x225.jpg 300w, https:\/\/www.paulinaaguilar.com\/wp-content\/uploads\/2020\/04\/paulina-aguilar-international-beach-yellow-768x576.jpg 768w, https:\/\/www.paulinaaguilar.com\/wp-content\/uploads\/2020\/04\/paulina-aguilar-international-beach-yellow-1536x1152.jpg 1536w, https:\/\/www.paulinaaguilar.com\/wp-content\/uploads\/2020\/04\/paulina-aguilar-international-beach-yellow.jpg 2048w\" sizes=\"auto, (max-width: 1024px) 100vw, 1024px\" \/><\/figure><div class=\"wp-block-media-text__content\">\n<h2 class=\"has-secondary-color has-text-color wp-block-heading\">Te guiar\u00e9 a trav\u00e9s de tu transformaci\u00f3n<\/h2>\n\n\n\n<p class=\"has-small-font-size\">Tengo una Maestr\u00eda en Coaching Transformacional Avanzado a trav\u00e9s de Karen Hoyos International. Tambi\u00e9n he sido entrenado por gu\u00edas de renombre mundial como Anthony Robbins, Deepak Chopra, Roger Gabriel, Abraham Hicks (The Law of Attraction), T. Harv Eker, Dean Graziosi, Susie Moore, Dr. Bradley Nelson, Gary Douglas, Dr. Dain Heer, Eckhart Tolle, Mintong Gu, Beth Carleton y Uma Alexandra Beepat. <\/p>\n<\/div><\/div>\n\n\n\n<div class=\"wp-block-cover alignfull has-background-dim\" style=\"background-image:url(http:\/\/54.204.148.126\/wp-content\/uploads\/2020\/02\/qtq80-KaiC8E.jpeg)\"><div class=\"wp-block-cover__inner-container is-layout-flow wp-block-cover-is-layout-flow\">\n<h2 class=\"wp-block-heading\">Mis a\u00f1os de experiencia combinados con mi aprendizaje por medio de muchos entrenamientos, me han fortalecido tanto personal como espiritualmente.<\/h2>\n<\/div><\/div>\n\n\n\n<hr class=\"wp-block-separator has-text-color has-background has-secondary-background-color has-secondary-color is-style-default\"\/>\n\n\n\n<p class=\"has-medium-font-size\">Incluso con todo mi entrenamiento, \u00a1nunca puedo tener suficiente! Estoy constantemente buscando nuevas ideas y direcciones que pueda aplicar a mi vida y mi negocio. Por lo tanto, perpetuamente estudio y aprendo de maestros con ideas afines como Robert Kiyosaki, Don Miguel Ruiz, Edwene Gaines, Brian Tracy, Florence Scovell Shinn y el Dr. Wayne Dyer.<\/p>\n\n\n\n<div class=\"wp-block-media-text alignwide has-media-on-the-right\"><figure class=\"wp-block-media-text__media\"><img loading=\"lazy\" decoding=\"async\" width=\"1024\" height=\"768\" src=\"http:\/\/54.204.148.126\/wp-content\/uploads\/2020\/02\/aguilar-paulina-meditation-rocks-1.jpg\" alt=\"\" class=\"wp-image-111\" srcset=\"https:\/\/www.paulinaaguilar.com\/wp-content\/uploads\/2020\/02\/aguilar-paulina-meditation-rocks-1.jpg 1024w, https:\/\/www.paulinaaguilar.com\/wp-content\/uploads\/2020\/02\/aguilar-paulina-meditation-rocks-1-300x225.jpg 300w, https:\/\/www.paulinaaguilar.com\/wp-content\/uploads\/2020\/02\/aguilar-paulina-meditation-rocks-1-768x576.jpg 768w\" sizes=\"auto, (max-width: 1024px) 100vw, 1024px\" \/><\/figure><div class=\"wp-block-media-text__content\">\n<p class=\"has-medium-font-size\">Creo que mi combinaci\u00f3n de estudios de una variedad de disciplinas, combinada con mis propias experiencias de vida personales, ofrecen un estilo \u00fanico de entrenamiento que impactar\u00e1 positivamente en su vida y lo ayudar\u00e1 a alcanzar sus metas y sue\u00f1os. S\u00ed, puede suceder!&nbsp;<\/p>\n<\/div><\/div>\n\n\n\n<div class=\"wp-block-media-text alignwide\"><figure class=\"wp-block-media-text__media\"><img loading=\"lazy\" decoding=\"async\" width=\"1024\" height=\"768\" src=\"http:\/\/54.204.148.126\/wp-content\/uploads\/2020\/04\/d3652e93-35b8-43fe-ac72-22dde2a7df2d-1024x768.jpg\" alt=\"\" class=\"wp-image-278\" srcset=\"https:\/\/www.paulinaaguilar.com\/wp-content\/uploads\/2020\/04\/d3652e93-35b8-43fe-ac72-22dde2a7df2d-1024x768.jpg 1024w, https:\/\/www.paulinaaguilar.com\/wp-content\/uploads\/2020\/04\/d3652e93-35b8-43fe-ac72-22dde2a7df2d-300x225.jpg 300w, https:\/\/www.paulinaaguilar.com\/wp-content\/uploads\/2020\/04\/d3652e93-35b8-43fe-ac72-22dde2a7df2d-768x576.jpg 768w, https:\/\/www.paulinaaguilar.com\/wp-content\/uploads\/2020\/04\/d3652e93-35b8-43fe-ac72-22dde2a7df2d-1536x1152.jpg 1536w, https:\/\/www.paulinaaguilar.com\/wp-content\/uploads\/2020\/04\/d3652e93-35b8-43fe-ac72-22dde2a7df2d.jpg 1600w\" sizes=\"auto, (max-width: 1024px) 100vw, 1024px\" \/><\/figure><div class=\"wp-block-media-text__content\">\n<p class=\"has-medium-font-size\">Yo he estado sola, deprimida, vulnerable y confundida. He podido aprender de mis experiencias, aceptar responsabilidades, hacer de cada experiencia una lecci\u00f3n y permitir que mis ense\u00f1anzas tengan un impacto positivo en m\u00ed mismo para que pueda crecer y prosperar en la vida.<\/p>\n<\/div><\/div>\n\n\n\n<hr class=\"wp-block-separator has-text-color has-background has-secondary-background-color has-secondary-color\"\/>\n\n\n\n<div class=\"wp-block-columns is-layout-flex wp-container-core-columns-is-layout-9d6595d7 wp-block-columns-is-layout-flex\">\n<div class=\"wp-block-column is-vertically-aligned-top is-layout-flow wp-block-column-is-layout-flow\">\n<p class=\"has-text-color has-background has-medium-font-size has-quaternary-color has-secondary-background-color\">Clases y Certificaciones<\/p>\n\n\n\n<p><!--StartFragment--><\/p>\n\n\n\n<ul class=\"wp-block-list\"><li>Maestr\u00eda de Coaching Internacional Avanzada<\/li><li>Ultimate Edge<\/li><li>Coaching Transformacional de Ventas<\/li><li>Corredor de conocimiento<\/li><li>El empresario ic\u00f3nico<\/li><li>5 minutos de famosos<\/li><li>El Vendedor Rico<\/li><li>Secretos del Entrenador Multimillonario<\/li><li> El Poder de la Influencia Universal<\/li><li>Dios Sabe Vender<\/li><li>El Poder de la Abundancia Evolutiva <\/li><li>Meditaci\u00f3n de Sonido Primordial<\/li><li>Sabidur\u00eda Curativa Qijong<\/li><li>Access las Barras<\/li><li>Access Clase El Fundamento<\/li><li>Maestro de Reiki<\/li><li>Mensaje de los Angeles<\/li><li>Nivel Avanzado para leer Tarjetas de Tarot<\/li><li>El C\u00f3digo de la Emoci\u00f3n<\/li><li>Nivel Principiante del Programa de Mentor\u00eda para Intuitivo<\/li><li>Nivel Intermedio del Programa de Mentor\u00eda para Intuitivo<\/li><\/ul>\n<\/div>\n\n\n\n<div class=\"wp-block-column is-layout-flow wp-block-column-is-layout-flow\">\n<p class=\"has-text-color has-background has-medium-font-size has-quaternary-color has-tertiary-background-color\">Entrenadores de Renombre Mundial <\/p>\n\n\n\n<ul class=\"wp-block-list\"><li>Karen Hoyos International <\/li><li>T. Harv Eker<\/li><li>Anthony Robbins<\/li><li>Dean Graziosi<\/li><li>Deepak Chopra \/ Roger Gabriel<\/li><li>Gary Douglas \/ Dr. Dain Heer (Conciencia de acceso)<\/li><li>Dr. Koni Scavella<\/li><li>Susie Moore<\/li><li>Esther Hicks (Abraham Hicks - La ley de la atracci\u00f3n)<\/li><li>Mintong Gu (El Centro Chi)<\/li><li>Dr. Bradley Nelson<\/li><li>Eckhart Tolle<\/li><li>Beth Carleton<\/li><li>Uma Alexandra Beepat<\/li><\/ul>\n<\/div>\n<\/div>\n\n\n\n<div class=\"wp-block-media-text alignwide is-image-fill\"><figure class=\"wp-block-media-text__media\" style=\"background-image:url(http:\/\/54.204.148.126\/wp-content\/uploads\/2020\/02\/Eva-testimonial-e1582897264201.jpg);background-position:50% 50%\"><img loading=\"lazy\" decoding=\"async\" width=\"415\" height=\"600\" src=\"http:\/\/54.204.148.126\/wp-content\/uploads\/2020\/02\/Eva-testimonial-e1582897264201.jpg\" alt=\"\" class=\"wp-image-250\"\/><\/figure><div class=\"wp-block-media-text__content\">\n<p> \u201cPaulina es una gran mentora transformacional, una mujer de origen Ecuatoriano que vive en Virginia desde hace muchos a\u00f1os. He tenido el gran placer de conocerla a trav\u00e9s de nuestro entrenamiento de coaching avanzado transformacional. Con Paulina hice una limpieza maravillosa para aclarar las ra\u00edces y puedo decir que es una mujer empoderada con una historia poderosa. Ella es fuerte, decidida, y muy dulce. Ella tiene mucho que compartir con el mundo como mentora de vida y transformaci\u00f3n \u201d.<\/p>\n\n\n\n<p>Eva Mar\u00eda Turp\u00edn<br>Entrenador transformacional<br>Due\u00f1a de Nuevas Energ\u00edas <\/p>\n<\/div><\/div>\n\n\n\n<div class=\"wp-block-cover alignfull has-background-dim-80 has-primary-background-color has-background-dim\" style=\"background-image:url(http:\/\/54.204.148.126\/wp-content\/uploads\/2020\/02\/IMG-20140622-WA0087.jpg)\"><div class=\"wp-block-cover__inner-container is-layout-flow wp-block-cover-is-layout-flow\">\n<p class=\"has-text-align-right has-large-font-size\">Estoy agradecida de haber tenido la oportunidad de trabajar con estos maravillosos maestros que me han inspirado para ayudar a otros a descubrir lo que ellos me ayudaron a encontrar dentro de m\u00ed. <\/p>\n<\/div><\/div>","protected":false},"excerpt":{"rendered":"<p>&#8221; I have been alone, depressed, vulnerable and confused. I have been able to learn from my experiences, accept responsibility, make every experience a lesson, and allow my teachings to positively impact myself so that I may grow and prosper in life. &#8220; Paulina Aguilar, Transformational Coach Your Transformation will Bring Energy and Joy to [&hellip;]<\/p>\n","protected":false},"author":2,"featured_media":0,"parent":0,"menu_order":0,"comment_status":"closed","ping_status":"closed","template":"","meta":{"_coblocks_attr":"","_coblocks_dimensions":"","_coblocks_responsive_height":"","_coblocks_accordion_ie_support":"","hide_page_title":"","footnotes":""},"class_list":["post-100","page","type-page","status-publish","hentry"],"_links":{"self":[{"href":"https:\/\/www.paulinaaguilar.com\/es\/wp-json\/wp\/v2\/pages\/100","targetHints":{"allow":["GET"]}}],"collection":[{"href":"https:\/\/www.paulinaaguilar.com\/es\/wp-json\/wp\/v2\/pages"}],"about":[{"href":"https:\/\/www.paulinaaguilar.com\/es\/wp-json\/wp\/v2\/types\/page"}],"author":[{"embeddable":true,"href":"https:\/\/www.paulinaaguilar.com\/es\/wp-json\/wp\/v2\/users\/2"}],"replies":[{"embeddable":true,"href":"https:\/\/www.paulinaaguilar.com\/es\/wp-json\/wp\/v2\/comments?post=100"}],"version-history":[{"count":5,"href":"https:\/\/www.paulinaaguilar.com\/es\/wp-json\/wp\/v2\/pages\/100\/revisions"}],"predecessor-version":[{"id":481,"href":"https:\/\/www.paulinaaguilar.com\/es\/wp-json\/wp\/v2\/pages\/100\/revisions\/481"}],"wp:attachment":[{"href":"https:\/\/www.paulinaaguilar.com\/es\/wp-json\/wp\/v2\/media?parent=100"}],"curies":[{"name":"gracias","href":"https:\/\/api.w.org\/{rel}","templated":true}]}}